{"id":232,"date":"2019-06-08T01:48:40","date_gmt":"2019-06-07T23:48:40","guid":{"rendered":"https:\/\/koenig-guitars.de\/?page_id=232"},"modified":"2025-03-24T12:00:45","modified_gmt":"2025-03-24T11:00:45","slug":"gitarrenbauer","status":"publish","type":"page","link":"https:\/\/koenig-guitars.de\/en\/gitarrenbauer\/","title":{"rendered":"The Luthiers"},"content":{"rendered":"<style type=\"text\/css\" data-created_by=\"avia_inline_auto\" id=\"style-css-av-jwtx6dhw-3ef3acca36f12bd0c580a75e8bdcf925\">\n#top .hr.hr-invisible.av-jwtx6dhw-3ef3acca36f12bd0c580a75e8bdcf925{\nheight:100px;\n}\n<\/style>\n<div  class='hr av-jwtx6dhw-3ef3acca36f12bd0c580a75e8bdcf925 hr-invisible  avia-builder-el-0  el_before_av_two_fifth  avia-builder-el-first'><span class='hr-inner'><span class=\"hr-inner-style\"><\/span><\/span><\/div>\n\n<style type=\"text\/css\" data-created_by=\"avia_inline_auto\" id=\"style-css-av-piblc-01116fce844a477f1614e4738399daf6\">\n.flex_column.av-piblc-01116fce844a477f1614e4738399daf6{\nborder-radius:0px 0px 0px 0px;\npadding:0px 0px 0px 0px;\n}\n<\/style>\n<div  class='flex_column av-piblc-01116fce844a477f1614e4738399daf6 av_two_fifth  avia-builder-el-1  el_after_av_hr  el_before_av_three_fifth  first flex_column_div av-zero-column-padding'     ><style type=\"text\/css\" data-created_by=\"avia_inline_auto\" id=\"style-css-av-jwtx0014-aa049ae66311ac474954b68eb28180ff\">\n.avia-image-container.av-jwtx0014-aa049ae66311ac474954b68eb28180ff img.avia_image{\nbox-shadow:none;\n}\n.avia-image-container.av-jwtx0014-aa049ae66311ac474954b68eb28180ff .av-image-caption-overlay-center{\ncolor:#ffffff;\n}\n<\/style>\n<div  class='avia-image-container av-jwtx0014-aa049ae66311ac474954b68eb28180ff av-styling-circle avia-align-center  avia-builder-el-2  avia-builder-el-no-sibling'   itemprop=\"image\" itemscope=\"itemscope\" itemtype=\"https:\/\/schema.org\/ImageObject\" ><div class=\"avia-image-container-inner\"><div class=\"avia-image-overlay-wrap\"><img decoding=\"async\" class='wp-image-1858 avia-img-lazy-loading-not-1858 avia_image' src=\"https:\/\/koenig-guitars.de\/wp-content\/uploads\/2022\/09\/mario.jpg\" alt='' title='mario'  height=\"1001\" width=\"1000\"  itemprop=\"thumbnailUrl\" srcset=\"https:\/\/koenig-guitars.de\/wp-content\/uploads\/2022\/09\/mario.jpg 1000w, https:\/\/koenig-guitars.de\/wp-content\/uploads\/2022\/09\/mario-300x300.jpg 300w, https:\/\/koenig-guitars.de\/wp-content\/uploads\/2022\/09\/mario-80x80.jpg 80w, https:\/\/koenig-guitars.de\/wp-content\/uploads\/2022\/09\/mario-768x769.jpg 768w, https:\/\/koenig-guitars.de\/wp-content\/uploads\/2022\/09\/mario-12x12.jpg 12w, https:\/\/koenig-guitars.de\/wp-content\/uploads\/2022\/09\/mario-36x36.jpg 36w, https:\/\/koenig-guitars.de\/wp-content\/uploads\/2022\/09\/mario-180x180.jpg 180w, https:\/\/koenig-guitars.de\/wp-content\/uploads\/2022\/09\/mario-705x705.jpg 705w\" sizes=\"(max-width: 1000px) 100vw, 1000px\" \/><\/div><\/div><\/div><\/div>\n\n<style type=\"text\/css\" data-created_by=\"avia_inline_auto\" id=\"style-css-av-kde6o-c6bb04a9b0906dd1ae25b0e1a75adf5e\">\n.flex_column.av-kde6o-c6bb04a9b0906dd1ae25b0e1a75adf5e{\nborder-radius:0px 0px 0px 0px;\npadding:0px 0px 0px 0px;\n}\n<\/style>\n<div  class='flex_column av-kde6o-c6bb04a9b0906dd1ae25b0e1a75adf5e av_three_fifth  avia-builder-el-3  el_after_av_two_fifth  el_before_av_hr  flex_column_div av-zero-column-padding'     ><p>\n<style type=\"text\/css\" data-created_by=\"avia_inline_auto\" id=\"style-css-av-jwtx1cv4-3eeee7137bcfafe2cec3d7ce1d6bc0a3\">\n#top .hr.hr-invisible.av-jwtx1cv4-3eeee7137bcfafe2cec3d7ce1d6bc0a3{\nheight:50px;\n}\n<\/style>\n<div  class='hr av-jwtx1cv4-3eeee7137bcfafe2cec3d7ce1d6bc0a3 hr-invisible  avia-builder-el-4  el_before_av_textblock  avia-builder-el-first'><span class='hr-inner'><span class=\"hr-inner-style\"><\/span><\/span><\/div><br \/>\n<section  class='av_textblock_section av-jwtx2gyw-7907624c17751175ac20376063d99787'   itemscope=\"itemscope\" itemtype=\"https:\/\/schema.org\/CreativeWork\" ><div class='avia_textblock'  itemprop=\"text\" ><p>Hello, my name is <strong>Mario Br\u00fcggen<\/strong>.<\/p>\n<p>I was born into a large family of craftsmen, giving me an early insight into a wide range of trades, and an appreciation for hands-on work. When I then began to develop a love for music, I wanted to include this in an occupation that would combine both technical and artistic aspects.<br \/>\nOne that would allow me to work using my hands, utilising a wide range of materials in design and construction.<\/p>\n<p>I found all of the above in lutherie, and so in 2008, I started my apprenticeship in Walter Kraushaar\u2018s workshop in Aachen. After successful completion in 2011, I then stayed and worked there until 2019. The additional years as an employee under Walther Kraushaar \u2013 and the thousands of repair jobs it entailed \u2013 allowed me to hone my skills and build on my craftsmanship, all the while giving me the opportunity to pick up on countless technical tricks and tweaking methods.<\/p>\n<p>In the summer of 2019, I felt the need for new challenges which \u2013 coupled with a desire to branch out on my own \u2013 led me to move from Aachen to Hamburg, where I established this company with my old friend and colleague, Robin K\u00f6nig. Together, we now look forward to new challenges and inspirations.<\/p>\n<\/div><\/section><\/p><\/div>\n\n<style type=\"text\/css\" data-created_by=\"avia_inline_auto\" id=\"style-css-av-jwtx1cv4-9-23a47bd0e7a873da3bb12dfbbdfbfda6\">\n#top .hr.hr-invisible.av-jwtx1cv4-9-23a47bd0e7a873da3bb12dfbbdfbfda6{\nheight:100px;\n}\n<\/style>\n<div  class='hr av-jwtx1cv4-9-23a47bd0e7a873da3bb12dfbbdfbfda6 hr-invisible  avia-builder-el-6  el_after_av_three_fifth  el_before_av_two_fifth'><span class='hr-inner'><span class=\"hr-inner-style\"><\/span><\/span><\/div>\n\n<style type=\"text\/css\" data-created_by=\"avia_inline_auto\" id=\"style-css-av-16p7s-6bce33dd61c733d3edf4f2e3cb0d9380\">\n.flex_column.av-16p7s-6bce33dd61c733d3edf4f2e3cb0d9380{\nborder-radius:0px 0px 0px 0px;\npadding:0px 0px 0px 0px;\n}\n<\/style>\n<div  class='flex_column av-16p7s-6bce33dd61c733d3edf4f2e3cb0d9380 av_two_fifth  avia-builder-el-7  el_after_av_hr  el_before_av_three_fifth  first flex_column_div av-zero-column-padding'     ><style type=\"text\/css\" data-created_by=\"avia_inline_auto\" id=\"style-css-av-jwtx0014-10-aae0812fe0ca50e65370a5a65a8495bb\">\n.avia-image-container.av-jwtx0014-10-aae0812fe0ca50e65370a5a65a8495bb img.avia_image{\nbox-shadow:none;\n}\n.avia-image-container.av-jwtx0014-10-aae0812fe0ca50e65370a5a65a8495bb .av-image-caption-overlay-center{\ncolor:#ffffff;\n}\n<\/style>\n<div  class='avia-image-container av-jwtx0014-10-aae0812fe0ca50e65370a5a65a8495bb av-styling-circle avia-align-center  avia-builder-el-8  avia-builder-el-no-sibling  av-desktop-hide av-medium-hide'   itemprop=\"image\" itemscope=\"itemscope\" itemtype=\"https:\/\/schema.org\/ImageObject\" ><div class=\"avia-image-container-inner\"><div class=\"avia-image-overlay-wrap\"><img decoding=\"async\" class='wp-image-1857 avia-img-lazy-loading-not-1857 avia_image' src=\"https:\/\/koenig-guitars.de\/wp-content\/uploads\/2022\/09\/robin.jpg\" alt='Robin' title='robin'  height=\"1000\" width=\"1000\"  itemprop=\"thumbnailUrl\" srcset=\"https:\/\/koenig-guitars.de\/wp-content\/uploads\/2022\/09\/robin.jpg 1000w, https:\/\/koenig-guitars.de\/wp-content\/uploads\/2022\/09\/robin-300x300.jpg 300w, https:\/\/koenig-guitars.de\/wp-content\/uploads\/2022\/09\/robin-80x80.jpg 80w, https:\/\/koenig-guitars.de\/wp-content\/uploads\/2022\/09\/robin-768x768.jpg 768w, https:\/\/koenig-guitars.de\/wp-content\/uploads\/2022\/09\/robin-12x12.jpg 12w, https:\/\/koenig-guitars.de\/wp-content\/uploads\/2022\/09\/robin-36x36.jpg 36w, https:\/\/koenig-guitars.de\/wp-content\/uploads\/2022\/09\/robin-180x180.jpg 180w, https:\/\/koenig-guitars.de\/wp-content\/uploads\/2022\/09\/robin-705x705.jpg 705w\" sizes=\"(max-width: 1000px) 100vw, 1000px\" \/><\/div><\/div><\/div><\/div>\n\n<style type=\"text\/css\" data-created_by=\"avia_inline_auto\" id=\"style-css-av-ghiow-0bf5fb5634133bc38f27f35fe5c1b015\">\n.flex_column.av-ghiow-0bf5fb5634133bc38f27f35fe5c1b015{\nborder-radius:0px 0px 0px 0px;\npadding:0px 0px 0px 0px;\n}\n<\/style>\n<div  class='flex_column av-ghiow-0bf5fb5634133bc38f27f35fe5c1b015 av_three_fifth  avia-builder-el-9  el_after_av_two_fifth  el_before_av_three_fifth  flex_column_div av-zero-column-padding'     ><p>\n<style type=\"text\/css\" data-created_by=\"avia_inline_auto\" id=\"style-css-av-jwtx1cv4-7-5e156bf4877414190cbaac17de4ed36c\">\n#top .hr.hr-invisible.av-jwtx1cv4-7-5e156bf4877414190cbaac17de4ed36c{\nheight:50px;\n}\n<\/style>\n<div  class='hr av-jwtx1cv4-7-5e156bf4877414190cbaac17de4ed36c hr-invisible  avia-builder-el-10  el_before_av_textblock  avia-builder-el-first  av-desktop-hide av-medium-hide'><span class='hr-inner'><span class=\"hr-inner-style\"><\/span><\/span><\/div><br \/>\n<section  class='av_textblock_section av-jwtx2gyw-8-d84a32469040e06fd5b4f9c0cbeaee8a'   itemscope=\"itemscope\" itemtype=\"https:\/\/schema.org\/CreativeWork\" ><div class='av-desktop-hide av-medium-hide avia_textblock'  itemprop=\"text\" ><p class=\"Textbody\">My name is <strong>Robin K\u00f6nig<\/strong> and I am a luthier from Hamburg.<\/p>\n<p class=\"Textbody\">As son of furniture designer and cabinetmaker <a href=\"http:\/\/www.gunterkoenig.de\/\"><span style=\"color: windowtext; text-decoration: none; text-underline: none;\">Gunter K\u00f6nig,<\/span><\/a> I encountered aesthetics, precious woods and craftsmanship early on in my life. At the age of 15, my dad and I built our first electric guitar together. It would then take building a second guitar to find my calling in lutherie and pursue making a career of my new-found hobby.<\/p>\n<p class=\"Textbody\">In 2009 \u2013 after graduating from high school \u2013 I started my apprenticeship in Aachen, at Walter Kraushaar\u2018s workshop. In the summer of 2012, I passed the final exams and moved back to Hamburg. The following year I became self-employed, building and repairing guitars in a corner of my father\u2018s workshop, until I found a suitable place of my own in Hamburg-Eimsb\u00fcttel.<\/p>\n<p class=\"Textbody\">In 2017, I took over the workshop in Hamburg-Ottensen, near Altona station. In 2019, my colleague Mario Br\u00fcggen joined me and together we ran the K\u00f6nig &amp; Br\u00fcggen guitar workshop, which we renamed K\u00f6nig Guitars by Mario Br\u00fcggen &amp; Robin K\u00f6nig in 2023.<\/p>\n<p>Since 2025, we have been based at Atelierhaus 23 in Hamburg-Wilhelmsburg.<\/p>\n<\/div><\/section><\/p><\/div>\n<style type=\"text\/css\" data-created_by=\"avia_inline_auto\" id=\"style-css-av-ghiow-4-7ca665b0820ed4cadefecd9180e50b59\">\n.flex_column.av-ghiow-4-7ca665b0820ed4cadefecd9180e50b59{\nborder-radius:0px 0px 0px 0px;\npadding:0px 0px 0px 0px;\n}\n<\/style>\n<div  class='flex_column av-ghiow-4-7ca665b0820ed4cadefecd9180e50b59 av_three_fifth  avia-builder-el-12  el_after_av_three_fifth  el_before_av_two_fifth  first flex_column_div av-hide-on-mobile av-zero-column-padding'     ><p>\n<style type=\"text\/css\" data-created_by=\"avia_inline_auto\" id=\"style-css-av-jwtx1cv4-3-2f9395e6b10e254a8dbaef2daa7cd7f9\">\n#top .hr.hr-invisible.av-jwtx1cv4-3-2f9395e6b10e254a8dbaef2daa7cd7f9{\nheight:50px;\n}\n<\/style>\n<div  class='hr av-jwtx1cv4-3-2f9395e6b10e254a8dbaef2daa7cd7f9 hr-invisible  avia-builder-el-13  el_before_av_textblock  avia-builder-el-first'><span class='hr-inner'><span class=\"hr-inner-style\"><\/span><\/span><\/div><br \/>\n<section  class='av_textblock_section av-jwtx2gyw-2-049908764c4e3204451694c7f05bdf71'   itemscope=\"itemscope\" itemtype=\"https:\/\/schema.org\/CreativeWork\" ><div class='avia_textblock'  itemprop=\"text\" ><p class=\"Textbody\">My name is <strong>Robin K\u00f6nig<\/strong> and I am a luthier from Hamburg.<\/p>\n<p class=\"Textbody\">As son of furniture designer and cabinetmaker <a href=\"http:\/\/www.gunterkoenig.de\/\"><span style=\"color: windowtext; text-decoration: none; text-underline: none;\">Gunter K\u00f6nig,<\/span><\/a> I encountered aesthetics, precious woods and craftsmanship early on in my life. At the age of 15, my dad and I built our first electric guitar together. It would then take building a second guitar to find my calling in lutherie and pursue making a career of my new-found hobby.<\/p>\n<p class=\"Textbody\">In 2009 \u2013 after graduating from high school \u2013 I started my apprenticeship in Aachen, at Walter Kraushaar\u2018s workshop. In the summer of 2012, I passed the final exams and moved back to Hamburg. The following year I became self-employed, building and repairing guitars in a corner of my father\u2018s workshop, until I found a suitable place of my own in Hamburg-Eimsb\u00fcttel.<\/p>\n<p class=\"Textbody\">In 2017, I took over the workshop in Hamburg-Ottensen, near Altona station. In 2019, my colleague Mario Br\u00fcggen joined me and together we ran the K\u00f6nig &amp; Br\u00fcggen guitar workshop, which we renamed K\u00f6nig Guitars by Mario Br\u00fcggen &amp; Robin K\u00f6nig in 2023.<\/p>\n<p>Since 2025, we have been based at Atelierhaus 23 in Hamburg-Wilhelmsburg.<\/p>\n<\/div><\/section><\/p><\/div>\n<style type=\"text\/css\" data-created_by=\"avia_inline_auto\" id=\"style-css-av-16p7s-6-b88490dfd338e40a92c40fff2c69975f\">\n.flex_column.av-16p7s-6-b88490dfd338e40a92c40fff2c69975f{\nborder-radius:0px 0px 0px 0px;\npadding:0px 0px 0px 0px;\n}\n<\/style>\n<div  class='flex_column av-16p7s-6-b88490dfd338e40a92c40fff2c69975f av_two_fifth  avia-builder-el-15  el_after_av_three_fifth  el_before_av_hr  flex_column_div av-hide-on-mobile av-zero-column-padding'     ><style type=\"text\/css\" data-created_by=\"avia_inline_auto\" id=\"style-css-av-jwtx0014-5-ceb1df9c0d139700b10394822ce43685\">\n.avia-image-container.av-jwtx0014-5-ceb1df9c0d139700b10394822ce43685 img.avia_image{\nbox-shadow:none;\n}\n.avia-image-container.av-jwtx0014-5-ceb1df9c0d139700b10394822ce43685 .av-image-caption-overlay-center{\ncolor:#ffffff;\n}\n<\/style>\n<div  class='avia-image-container av-jwtx0014-5-ceb1df9c0d139700b10394822ce43685 av-styling-circle avia-align-center  avia-builder-el-16  avia-builder-el-no-sibling  av-small-hide av-mini-hide'   itemprop=\"image\" itemscope=\"itemscope\" itemtype=\"https:\/\/schema.org\/ImageObject\" ><div class=\"avia-image-container-inner\"><div class=\"avia-image-overlay-wrap\"><img decoding=\"async\" class='wp-image-1857 avia-img-lazy-loading-not-1857 avia_image' src=\"https:\/\/koenig-guitars.de\/wp-content\/uploads\/2022\/09\/robin.jpg\" alt='Robin' title='robin'  height=\"1000\" width=\"1000\"  itemprop=\"thumbnailUrl\" srcset=\"https:\/\/koenig-guitars.de\/wp-content\/uploads\/2022\/09\/robin.jpg 1000w, https:\/\/koenig-guitars.de\/wp-content\/uploads\/2022\/09\/robin-300x300.jpg 300w, https:\/\/koenig-guitars.de\/wp-content\/uploads\/2022\/09\/robin-80x80.jpg 80w, https:\/\/koenig-guitars.de\/wp-content\/uploads\/2022\/09\/robin-768x768.jpg 768w, https:\/\/koenig-guitars.de\/wp-content\/uploads\/2022\/09\/robin-12x12.jpg 12w, https:\/\/koenig-guitars.de\/wp-content\/uploads\/2022\/09\/robin-36x36.jpg 36w, https:\/\/koenig-guitars.de\/wp-content\/uploads\/2022\/09\/robin-180x180.jpg 180w, https:\/\/koenig-guitars.de\/wp-content\/uploads\/2022\/09\/robin-705x705.jpg 705w\" sizes=\"(max-width: 1000px) 100vw, 1000px\" \/><\/div><\/div><\/div><\/div><\/p>\n\n<style type=\"text\/css\" data-created_by=\"avia_inline_auto\" id=\"style-css-av-rix4-025357f6146ceef5638a891ee5290fac\">\n#top .hr.hr-invisible.av-rix4-025357f6146ceef5638a891ee5290fac{\nheight:100px;\n}\n<\/style>\n<div  class='hr av-rix4-025357f6146ceef5638a891ee5290fac hr-invisible  avia-builder-el-17  el_after_av_two_fifth  el_before_av_codeblock'><span class='hr-inner'><span class=\"hr-inner-style\"><\/span><\/span><\/div>\n\n\n<style type=\"text\/css\" data-created_by=\"avia_inline_auto\" id=\"style-css-av-jwtx6dhw-11-5ad87e92b997a525bde540c4399cbd2b\">\n#top .hr.hr-invisible.av-jwtx6dhw-11-5ad87e92b997a525bde540c4399cbd2b{\nheight:50px;\n}\n<\/style>\n<div  class='hr av-jwtx6dhw-11-5ad87e92b997a525bde540c4399cbd2b hr-invisible  avia-builder-el-19  el_after_av_codeblock  avia-builder-el-last'><span class='hr-inner'><span class=\"hr-inner-style\"><\/span><\/span><\/div>","protected":false},"excerpt":{"rendered":"","protected":false},"author":1,"featured_media":0,"parent":0,"menu_order":0,"comment_status":"closed","ping_status":"closed","template":"","meta":{"_monsterinsights_skip_tracking":false,"_monsterinsights_sitenote_active":false,"_monsterinsights_sitenote_note":"","_monsterinsights_sitenote_category":0,"footnotes":""},"class_list":["post-232","page","type-page","status-publish","hentry"],"yoast_head":"<!-- This site is optimized with the Yoast SEO plugin v27.4 - https:\/\/yoast.com\/product\/yoast-seo-wordpress\/ -->\n<title>Die Gitarrenbauer - K\u00f6nig Guitars<\/title>\n<meta name=\"description\" content=\"Wir sind Mario Br\u00fcggen und Robin K\u00f6nig, 2 gelernte Gitarrenbauer, die mitten in Hamburg Gitarren anfertigen und reparieren.\" \/>\n<meta name=\"robots\" content=\"index, follow, max-snippet:-1, max-image-preview:large, max-video-preview:-1\" \/>\n<link rel=\"canonical\" href=\"https:\/\/koenig-guitars.de\/en\/gitarrenbauer\/\" \/>\n<meta property=\"og:locale\" content=\"en_US\" \/>\n<meta property=\"og:type\" content=\"article\" \/>\n<meta property=\"og:title\" content=\"Die Gitarrenbauer - K\u00f6nig Guitars\" \/>\n<meta property=\"og:description\" content=\"Wir sind Mario Br\u00fcggen und Robin K\u00f6nig, 2 gelernte Gitarrenbauer, die mitten in Hamburg Gitarren anfertigen und reparieren.\" \/>\n<meta property=\"og:url\" content=\"https:\/\/koenig-guitars.de\/en\/gitarrenbauer\/\" \/>\n<meta property=\"og:site_name\" content=\"K\u00f6nig Guitars\" \/>\n<meta property=\"article:modified_time\" content=\"2025-03-24T11:00:45+00:00\" \/>\n<meta name=\"twitter:card\" content=\"summary_large_image\" \/>\n<meta name=\"twitter:label1\" content=\"Est. reading time\" \/>\n\t<meta name=\"twitter:data1\" content=\"4 minutes\" \/>\n<script type=\"application\/ld+json\" class=\"yoast-schema-graph\">{\"@context\":\"https:\\\/\\\/schema.org\",\"@graph\":[{\"@type\":\"WebPage\",\"@id\":\"https:\\\/\\\/koenig-guitars.de\\\/gitarrenbauer\\\/\",\"url\":\"https:\\\/\\\/koenig-guitars.de\\\/gitarrenbauer\\\/\",\"name\":\"Die Gitarrenbauer - K\u00f6nig Guitars\",\"isPartOf\":{\"@id\":\"https:\\\/\\\/koenig-guitars.de\\\/#website\"},\"datePublished\":\"2019-06-07T23:48:40+00:00\",\"dateModified\":\"2025-03-24T11:00:45+00:00\",\"description\":\"Wir sind Mario Br\u00fcggen und Robin K\u00f6nig, 2 gelernte Gitarrenbauer, die mitten in Hamburg Gitarren anfertigen und reparieren.\",\"breadcrumb\":{\"@id\":\"https:\\\/\\\/koenig-guitars.de\\\/gitarrenbauer\\\/#breadcrumb\"},\"inLanguage\":\"en-US\",\"potentialAction\":[{\"@type\":\"ReadAction\",\"target\":[\"https:\\\/\\\/koenig-guitars.de\\\/gitarrenbauer\\\/\"]}]},{\"@type\":\"BreadcrumbList\",\"@id\":\"https:\\\/\\\/koenig-guitars.de\\\/gitarrenbauer\\\/#breadcrumb\",\"itemListElement\":[{\"@type\":\"ListItem\",\"position\":1,\"name\":\"Startseite\",\"item\":\"https:\\\/\\\/koenig-guitars.de\\\/koenig-guitars\\\/\"},{\"@type\":\"ListItem\",\"position\":2,\"name\":\"Die Gitarrenbauer\"}]},{\"@type\":\"WebSite\",\"@id\":\"https:\\\/\\\/koenig-guitars.de\\\/#website\",\"url\":\"https:\\\/\\\/koenig-guitars.de\\\/\",\"name\":\"K\u00f6nig Guitars\",\"description\":\"Die Gitarrenbauer in Hamburg\",\"potentialAction\":[{\"@type\":\"SearchAction\",\"target\":{\"@type\":\"EntryPoint\",\"urlTemplate\":\"https:\\\/\\\/koenig-guitars.de\\\/?s={search_term_string}\"},\"query-input\":{\"@type\":\"PropertyValueSpecification\",\"valueRequired\":true,\"valueName\":\"search_term_string\"}}],\"inLanguage\":\"en-US\"}]}<\/script>\n<!-- \/ Yoast SEO plugin. -->","yoast_head_json":{"title":"Die Gitarrenbauer - K\u00f6nig Guitars","description":"Wir sind Mario Br\u00fcggen und Robin K\u00f6nig, 2 gelernte Gitarrenbauer, die mitten in Hamburg Gitarren anfertigen und reparieren.","robots":{"index":"index","follow":"follow","max-snippet":"max-snippet:-1","max-image-preview":"max-image-preview:large","max-video-preview":"max-video-preview:-1"},"canonical":"https:\/\/koenig-guitars.de\/en\/gitarrenbauer\/","og_locale":"en_US","og_type":"article","og_title":"Die Gitarrenbauer - K\u00f6nig Guitars","og_description":"Wir sind Mario Br\u00fcggen und Robin K\u00f6nig, 2 gelernte Gitarrenbauer, die mitten in Hamburg Gitarren anfertigen und reparieren.","og_url":"https:\/\/koenig-guitars.de\/en\/gitarrenbauer\/","og_site_name":"K\u00f6nig Guitars","article_modified_time":"2025-03-24T11:00:45+00:00","twitter_card":"summary_large_image","twitter_misc":{"Est. reading time":"4 minutes"},"schema":{"@context":"https:\/\/schema.org","@graph":[{"@type":"WebPage","@id":"https:\/\/koenig-guitars.de\/gitarrenbauer\/","url":"https:\/\/koenig-guitars.de\/gitarrenbauer\/","name":"Die Gitarrenbauer - K\u00f6nig Guitars","isPartOf":{"@id":"https:\/\/koenig-guitars.de\/#website"},"datePublished":"2019-06-07T23:48:40+00:00","dateModified":"2025-03-24T11:00:45+00:00","description":"Wir sind Mario Br\u00fcggen und Robin K\u00f6nig, 2 gelernte Gitarrenbauer, die mitten in Hamburg Gitarren anfertigen und reparieren.","breadcrumb":{"@id":"https:\/\/koenig-guitars.de\/gitarrenbauer\/#breadcrumb"},"inLanguage":"en-US","potentialAction":[{"@type":"ReadAction","target":["https:\/\/koenig-guitars.de\/gitarrenbauer\/"]}]},{"@type":"BreadcrumbList","@id":"https:\/\/koenig-guitars.de\/gitarrenbauer\/#breadcrumb","itemListElement":[{"@type":"ListItem","position":1,"name":"Startseite","item":"https:\/\/koenig-guitars.de\/koenig-guitars\/"},{"@type":"ListItem","position":2,"name":"Die Gitarrenbauer"}]},{"@type":"WebSite","@id":"https:\/\/koenig-guitars.de\/#website","url":"https:\/\/koenig-guitars.de\/","name":"K\u00f6nig Guitars","description":"Die Gitarrenbauer in Hamburg","potentialAction":[{"@type":"SearchAction","target":{"@type":"EntryPoint","urlTemplate":"https:\/\/koenig-guitars.de\/?s={search_term_string}"},"query-input":{"@type":"PropertyValueSpecification","valueRequired":true,"valueName":"search_term_string"}}],"inLanguage":"en-US"}]}},"_links":{"self":[{"href":"https:\/\/koenig-guitars.de\/en\/wp-json\/wp\/v2\/pages\/232","targetHints":{"allow":["GET"]}}],"collection":[{"href":"https:\/\/koenig-guitars.de\/en\/wp-json\/wp\/v2\/pages"}],"about":[{"href":"https:\/\/koenig-guitars.de\/en\/wp-json\/wp\/v2\/types\/page"}],"author":[{"embeddable":true,"href":"https:\/\/koenig-guitars.de\/en\/wp-json\/wp\/v2\/users\/1"}],"replies":[{"embeddable":true,"href":"https:\/\/koenig-guitars.de\/en\/wp-json\/wp\/v2\/comments?post=232"}],"version-history":[{"count":3,"href":"https:\/\/koenig-guitars.de\/en\/wp-json\/wp\/v2\/pages\/232\/revisions"}],"predecessor-version":[{"id":3250,"href":"https:\/\/koenig-guitars.de\/en\/wp-json\/wp\/v2\/pages\/232\/revisions\/3250"}],"wp:attachment":[{"href":"https:\/\/koenig-guitars.de\/en\/wp-json\/wp\/v2\/media?parent=232"}],"curies":[{"name":"wp","href":"https:\/\/api.w.org\/{rel}","templated":true}]}}